{"id":1132,"date":"2023-03-13T09:22:59","date_gmt":"2023-03-13T09:22:59","guid":{"rendered":"https:\/\/www.zappa-lotta.ch\/terms-and-conditions\/"},"modified":"2023-03-22T17:43:34","modified_gmt":"2023-03-22T17:43:34","slug":"terms-and-conditions","status":"publish","type":"page","link":"https:\/\/www.zappa-lotta.ch\/en\/terms-and-conditions\/","title":{"rendered":"Terms and Conditions"},"content":{"rendered":"<section data-block_830b9f30a66758e8206c00044422aae0 class=\"twocols alignwide\" aria-label=\" Terms and Conditions\">\n  <div class=\"max-w-7xl mx-auto px-6 xl:px-0 my-8 md:my-16\">\n        <h1 class=\"font-serif text-3xl md:text-6xl pb-4 xl:pb-8\" itemprop=\"name\" role=\"heading\" aria-level=\"1\">Terms and Conditions<\/h1>\n        <div class=\"grid grid-cols-1 md:grid-cols-2 gap-0 md:gap-20\">\n            <div class=\"copytext\"><p><strong>Verkaufs- und Lieferbedingungen<\/strong><br \/>\n<strong>Zappa &amp; Lotta, The Bakery (A.S. Networking)<\/strong><\/p>\n<p><strong>1. VERTRAGSSCHLUSS<\/strong><br \/>\nDie Pr\u00e4sentation des Sortiments von Zappa &amp; Lotta, The Bakery (A.S. Networking) auf dem Internet stellt kein verbindliches Angebot zum Vertragsschluss dar. Indem Sie eine Bestellung absenden, geben Sie ein verbindliches Angebot ab und erkl\u00e4ren sich mit diesen Verkaufs- und Lieferbedingungen einverstanden.<\/p>\n<p>Es gelten die Preise in CHF am Tag der Bestellung.<\/p>\n<p>Zappa &amp; Lotta, The Bakery (A.S. Networking) bleibt frei, Ihr Angebot anzunehmen. Der Vertragsschluss erfolgt erst mit Versand der Ware durch Zappa &amp; Lotta, The Bakery (A.S. Networking).<\/p>\n<p>Die Mitarbeiterinnen und Mitarbeiter Zappa &amp; Lotta, The Bakery (A.S. Networking) sind nicht erm\u00e4chtigt, m\u00fcndlich abweichende Bedingungen zu vereinbaren, die \u00fcber diese Verkaufs- und Lieferbedingungen hinausgehen.<\/p>\n<p>Sollten die Angaben zu einem Artikel auf dem Internet falsch gewesen sein oder sollte ein Artikel nicht mehr verf\u00fcgbar sein, wird Zappa &amp; Lotta, The Bakery (A.S. Networking) Ihnen ein Gegenangebot unterbreiten, \u00fcber dessen Annahme Sie frei entscheiden k\u00f6nnen.<\/p>\n<p><strong>2. LIEFERUNG<\/strong><br \/>\nDie Lieferung erfolgt in der Regel innert 2 bis 5 Arbeitstagen. Sie sind verpflichtet, die Ware umgehend nach Eingang der Lieferung zu pr\u00fcfen.<\/p>\n<p>Etwaige Beanstandungen sind innert 5 Tagen nach Erhalt vorzunehmen. R\u00fccksendungen und Umtausch der Ware ist nur bei Falschlieferungen oder bei Besch\u00e4digungen, die durch Zappa &amp; Lotta, The Bakery (A.S. Networking) verursacht worden sind, m\u00f6glich.<\/p>\n<\/div>\n                  <div class=\"copytext\"><p><strong>3. PREISE UND TRANSPORTKOSTEN<\/strong><br \/>\nBei den auf dem Internet angegebenen Preisen handelt es sich um Ladenpreise. Die Kosten des Transports werden separat ausgewiesen und in Rechnung gestellt.<\/p>\n<p>Kann Ihnen eine Lieferung durch die Post- oder den Kurierdienst nicht zugestellt werden (z.B. aufgrund Abwesenheit des Adressanten, Annahmeverweigerung, unvollst\u00e4ndige oder unrichtige Adressangaben etc). m\u00fcssen wir Ihnen zus\u00e4tzlich die effektiven Kosten des R\u00fccktransports in Rechnung stellen \u2013 diese betragen jeweils mindestens CHF 10.00 f\u00fcr die Schweiz.<\/p>\n<p><strong>4. ZAHLUNGSBEDINGUNGEN<\/strong><br \/>\nRechnungsstellung erfolgt mit Lieferung. Die Zahlung ist innert<br \/>\n20 Tagen netto f\u00e4llig. Zappa &amp; Lotta, The Bakery (A.S. Networking) beh\u00e4lt sich das Recht vor, Vorauszahlung zu verlangen.<\/p>\n<p>Im Online-Shop kann ausschliesslich mit Kreditkarte bezahlt werden.<\/p>\n<p><strong>5. HAFTUNG<\/strong><br \/>\nZappa &amp; Lotta, The Bakery (A.S. Networking) \u00fcbernimmt keine Haftung bei Unzustellbarkeit oder versp\u00e4teter Auslieferung von Waren aufgrund falsch deklarierter Lieferadresse, bei Abwesenheit des Empf\u00e4ngers oder bei Ereignissen, die ausserhalb des Einflussbereiches von Zappa &amp; Lotta, The Bakery (A.S. Networking) sind.<\/p>\n<p><strong>6. DATENSCHUTZ<\/strong><br \/>\nDie f\u00fcr die Gesch\u00e4ftsabwicklung notwendigen Daten werden gespeichert und k\u00f6nnen f\u00fcr eigene Marketingzwecke verwendet werden.<\/p>\n<p>Pers\u00f6nliche Daten werden vertraulich behandelt.<\/p>\n<\/div>\n          <\/div>\n  <\/div>\n<\/section>","protected":false},"excerpt":{"rendered":"","protected":false},"author":6,"featured_media":0,"parent":0,"menu_order":6,"comment_status":"closed","ping_status":"closed","template":"","meta":{"_acf_changed":false,"_mbp_gutenberg_autopost":false,"footnotes":""},"class_list":["post-1132","page","type-page","status-publish","hentry"],"acf":[],"jetpack_sharing_enabled":true,"_links":{"self":[{"href":"https:\/\/www.zappa-lotta.ch\/en\/wp-json\/wp\/v2\/pages\/1132","targetHints":{"allow":["GET"]}}],"collection":[{"href":"https:\/\/www.zappa-lotta.ch\/en\/wp-json\/wp\/v2\/pages"}],"about":[{"href":"https:\/\/www.zappa-lotta.ch\/en\/wp-json\/wp\/v2\/types\/page"}],"author":[{"embeddable":true,"href":"https:\/\/www.zappa-lotta.ch\/en\/wp-json\/wp\/v2\/users\/6"}],"replies":[{"embeddable":true,"href":"https:\/\/www.zappa-lotta.ch\/en\/wp-json\/wp\/v2\/comments?post=1132"}],"version-history":[{"count":0,"href":"https:\/\/www.zappa-lotta.ch\/en\/wp-json\/wp\/v2\/pages\/1132\/revisions"}],"wp:attachment":[{"href":"https:\/\/www.zappa-lotta.ch\/en\/wp-json\/wp\/v2\/media?parent=1132"}],"curies":[{"name":"wp","href":"https:\/\/api.w.org\/{rel}","templated":true}]}}