{"id":1122,"date":"2023-03-13T09:21:37","date_gmt":"2023-03-13T09:21:37","guid":{"rendered":"https:\/\/www.zappa-lotta.ch\/imprint\/"},"modified":"2023-03-22T17:42:37","modified_gmt":"2023-03-22T17:42:37","slug":"imprint","status":"publish","type":"page","link":"https:\/\/www.zappa-lotta.ch\/en\/imprint\/","title":{"rendered":"Imprint"},"content":{"rendered":"<section data-block_295d52a2b55daefe6921f91f5418d858 class=\"twocols alignwide\" aria-label=\" Imprint\">\n  <div class=\"max-w-7xl mx-auto px-6 xl:px-0 my-8 md:my-16\">\n        <h1 class=\"font-serif text-3xl md:text-6xl pb-4 xl:pb-8\" itemprop=\"name\" role=\"heading\" aria-level=\"1\">Imprint<\/h1>\n        <div class=\"grid grid-cols-1 md:grid-cols-2 gap-0 md:gap-20\">\n            <div class=\"copytext\"><p><strong>Herrausgeber<br \/>\n<\/strong>A.S. Networking<br \/>\nAndrea Sch\u00e4fer<br \/>\nRufacherstrasse 66<br \/>\nCH 4055 Basel<\/p>\n<p>E-Mail: <a title=\"bakery@zappa-lotta.ch\" href=\"mailto:bakery@zappa-lotta.ch\" rel=\"noopener\" aria-label=\"bakery@zappa-lotta.ch\">bakery@zappa-lotta.ch<\/a><\/p>\n<p><strong>Haftungsbeschr\u00e4nkung<\/strong><br \/>\nA.S. Networking,\u00a0Andrea Sch\u00e4fer haftet f\u00fcr keinen direkten oder indirekten\u00a0Schaden, der durch den Zugriff oder die Ben\u00fctzung dieser Internetseiten\u00a0entsteht. F\u00fcr den Inhalt externer, verlinkter Internet-Seiten wird jede\u00a0Haftung abgelehnt.<\/p>\n<p><strong>Urheberrechte<\/strong><br \/>\nDie Urheber- und alle anderen Rechte an Inhalten, Bildern, Fotos oder anderen Dateien auf der Website, geh\u00f6ren ausschliesslich dem Betreiber dieser Website oder den speziell genannten Rechteinhabern. F\u00fcr die Reproduktion von s\u00e4mtlichen Dateien, ist die schriftliche Zustimmung des Urheberrechtstr\u00e4gers im Voraus einzuholen.<\/p>\n<p>Wer ohne Einwilligung des jeweiligen Rechteinhabers eine Urheberrechtsverletzung begeht, kann sich strafbar und allenfalls schadenersatzpflichtig machen.<\/p>\n<\/div>\n                <\/div>\n  <\/div>\n<\/section>","protected":false},"excerpt":{"rendered":"","protected":false},"author":6,"featured_media":0,"parent":0,"menu_order":7,"comment_status":"closed","ping_status":"closed","template":"","meta":{"_acf_changed":false,"_mbp_gutenberg_autopost":false,"footnotes":""},"class_list":["post-1122","page","type-page","status-publish","hentry"],"acf":[],"jetpack_sharing_enabled":true,"_links":{"self":[{"href":"https:\/\/www.zappa-lotta.ch\/en\/wp-json\/wp\/v2\/pages\/1122","targetHints":{"allow":["GET"]}}],"collection":[{"href":"https:\/\/www.zappa-lotta.ch\/en\/wp-json\/wp\/v2\/pages"}],"about":[{"href":"https:\/\/www.zappa-lotta.ch\/en\/wp-json\/wp\/v2\/types\/page"}],"author":[{"embeddable":true,"href":"https:\/\/www.zappa-lotta.ch\/en\/wp-json\/wp\/v2\/users\/6"}],"replies":[{"embeddable":true,"href":"https:\/\/www.zappa-lotta.ch\/en\/wp-json\/wp\/v2\/comments?post=1122"}],"version-history":[{"count":0,"href":"https:\/\/www.zappa-lotta.ch\/en\/wp-json\/wp\/v2\/pages\/1122\/revisions"}],"wp:attachment":[{"href":"https:\/\/www.zappa-lotta.ch\/en\/wp-json\/wp\/v2\/media?parent=1122"}],"curies":[{"name":"wp","href":"https:\/\/api.w.org\/{rel}","templated":true}]}}